{"id":10,"date":"2018-06-07T15:48:36","date_gmt":"2018-06-07T15:48:36","guid":{"rendered":"http:\/\/ra-voelker.de\/?page_id=10"},"modified":"2018-10-23T17:42:36","modified_gmt":"2018-10-23T15:42:36","slug":"impressum","status":"publish","type":"page","link":"https:\/\/www.ra-voelker.de\/?page_id=10","title":{"rendered":"Impressum"},"content":{"rendered":"<h1>Angaben gem\u00e4\u00df \u00a7 5 Telemediengesetz (TMG)<\/h1>\n<p>Rechtsanw\u00e4ltin<br \/>\nSylvia V\u00f6lker<br \/>\nL\u00fcneburger Heerstr. 67<br \/>\n29223 Celle<\/p>\n<h2>Kontakt<\/h2>\n<p>Telefon: 05141 208240<br \/>\nTelefax: 05141 208241<br \/>\nE-Mail: info@ra-voelker.de<\/p>\n<h2>Berufsbezeichnungen<\/h2>\n<p><strong>Rechtsanw\u00e4ltin<\/strong><br \/>\nZust\u00e4ndige Kammer: <a href=\"http:\/\/www.rakcelle.de\">Rechtsanwaltskammer Celle<br \/>\n<\/a><br \/>\nDie Berufsbezeichnung wurden verliehen in der Bundesrepublik\u00a0Deutschland.<\/p>\n<h2>Berufsrechtliche Regelungen<\/h2>\n<p>Bundesrechtsanwaltsordnung (BRAO)<br \/>\nBerufsordnung f\u00fcr Rechtsanw\u00e4lte (BORA)<br \/>\nRechtsanwaltsverg\u00fctungsgesetz (RVG)<br \/>\nGesetz \u00fcber die T\u00e4tigkeit europ\u00e4ischer Anw\u00e4lte in Deutschland (EuRAG)<br \/>\nBerufsregeln f\u00fcr Rechtsanw\u00e4lte in der Europ\u00e4ischen Gemeinschaft (CCBE &#8211; Berufsregeln)<br \/>\nDienstleistungs-Informationspflichten-Verordnung (DL-InfoV)<\/p>\n<p>Die vorgenannten Regelungen sind einsehbar unter<br \/>\n<a href=\"http:\/\/www.brak.de\/fuer-anwaelte\/berufsrecht\/\">Bundesrechtsanwaltskammer<\/a><\/p>\n<h2>Berufshaftpflichtversicherung<\/h2>\n<p>Name und Sitz der Gesellschaft:<br \/>\nAllianz Versicherungs-AG<br \/>\n10900 Berlin<\/p>\n<p>Versicherungs-Nr.:<br \/>\nGHV 30\/0457\/3904476\/021<\/p>\n<p>Geltungsraum der Versicherung:<br \/>\nEurop\u00e4ische Union<\/p>\n<h2>Hinweis gem\u00e4\u00df \u00a7 36 VSBG\/Verbraucherstreitbeilegungsstelle<\/h2>\n<p>F\u00fcr verm\u00f6gensrechtliche Streitigkeiten zwischen Rechtsanw\u00e4lten und Mandanten ist die Schlichtungsstelle der Rechtsanwaltschaft, Rauchstr. 26, 10787 Berlin, www.s-d-r.org zust\u00e4ndig.\u00a0 Es besteht f\u00fcr Rechtsanw\u00e4lte jedoch keine Verpflichtung, an Streitbeilegungsverfahren\u00a0 teilzunehmen. Rechtsanw\u00e4ltin V\u00f6lker ist nicht bereit, an Streitbeilegungsverfahren bei der Schlichtungsstelle der Rechtsanwaltschaft teilzunehmen.<\/p>\n<h2>Hinweis auf EU-Streitschlichtung<\/h2>\n<p>Die Europ\u00e4ische Kommission stellt eine Plattform zur Online-Streitbeilegung (OS) bereit: <a href=\"http:\/\/ec.europa.eu\/consumers\/odr\">http:\/\/ec.europa.eu\/consumers\/odr<\/a><br \/>\nMeine E-Mail-Adresse finden sie hier\u00a0im Impressum, weiter oben auf der Seite.<\/p>\n<h2>Widerrufsrecht<\/h2>\n<p>Informationen zum Widerrufsrecht bei au\u00dferhalb von Gesch\u00e4ftsr\u00e4umen geschlossenen Vertr\u00e4gen und bei Fernabsatzvertr\u00e4gen finden Sie <a href=\"http:\/\/www.gesetze-im-internet.de\/bgbeg\/art_248anlage_1.html\">hier (externer Link)<\/a>.<br \/>\nEin Muster f\u00fcr das Widerrufsformular finden Sie <a href=\"http:\/\/www.gesetze-im-internet.de\/bgbeg\/art_248anlage_2.html\">hier (externer Link)<\/a>.<br \/>\nInformationen zur der allgemeinen Verbraucherschlichtungsstelle bekommen Sie <a href=\"https:\/\/www.verbraucher-schlichter.de\/herzlich-willkommen-bei-der-allgemeinen-verbraucherschlichtungsstelle-%e2%80%93-ihrer-schlichtungsstelle-fuer-verbraucherstreitigkeiten\">hier (externer Link)<\/a>.<\/p>\n<h1>Haftungsausschluss (Disclaimer)<\/h1>\n<h2>Haftung f\u00fcr Inhalte<\/h2>\n<p>Als Diensteanbieter bin ich gem\u00e4\u00df \u00a7 7 Abs.1 TMG f\u00fcr eigene Inhalte auf diesen Seiten nach den allgemeinen Gesetzen verantwortlich. Nach \u00a7\u00a7 8 bis 10 TMG bin ich als Diensteanbieter jedoch nicht verpflichtet, \u00fcbermittelte oder gespeicherte fremde Informationen zu \u00fcberwachen oder nach Umst\u00e4nden zu forschen, die auf eine rechtswidrige T\u00e4tigkeit hinweisen.<\/p>\n<p>Verpflichtungen zur Entfernung oder Sperrung der Nutzung von Informationen nach den allgemeinen Gesetzen bleiben hiervon unber\u00fchrt. Eine diesbez\u00fcgliche Haftung ist jedoch erst ab dem Zeitpunkt der Kenntnis einer konkreten Rechtsverletzung m\u00f6glich. Bei Bekanntwerden von entsprechenden Rechtsverletzungen werde ich diese Inhalte umgehend entfernen.<\/p>\n<h2>Haftung f\u00fcr Links<\/h2>\n<p>Mein Angebot enth\u00e4lt Links zu externen Webseiten Dritter, auf deren Inhalte ich keinen Einfluss habe. Deshalb kann ich f\u00fcr diese fremden Inhalte auch keine Gew\u00e4hr \u00fcbernehmen. F\u00fcr die Inhalte der verlinkten Seiten ist stets der jeweilige Anbieter oder Betreiber der Seiten verantwortlich. Die verlinkten Seiten wurden zum Zeitpunkt der Verlinkung auf m\u00f6gliche Rechtsverst\u00f6\u00dfe \u00fcberpr\u00fcft. Rechtswidrige Inhalte waren zum Zeitpunkt der Verlinkung nicht erkennbar.<\/p>\n<p>Eine permanente inhaltliche Kontrolle der verlinkten Seiten ist jedoch ohne konkrete Anhaltspunkte einer Rechtsverletzung nicht zumutbar. Bei Bekanntwerden von Rechtsverletzungen werde ich derartige Links umgehend entfernen.<\/p>\n<h2>Urheberrecht<\/h2>\n<p>Die durch die Seitenbetreiber erstellten Inhalte und Werke auf diesen Seiten unterliegen dem deutschen Urheberrecht. Die Vervielf\u00e4ltigung, Bearbeitung, Verbreitung und jede Art der Verwertung au\u00dferhalb der Grenzen des Urheberrechtes bed\u00fcrfen der schriftlichen Zustimmung des jeweiligen Autors bzw. Erstellers. Downloads und Kopien dieser Seite sind nur f\u00fcr den privaten, nicht kommerziellen Gebrauch gestattet.<\/p>\n<p>Soweit die Inhalte auf dieser Seite nicht vom Betreiber erstellt wurden, werden die Urheberrechte Dritter beachtet. Insbesondere werden Inhalte Dritter als solche gekennzeichnet. Sollten Sie trotzdem auf eine Urheberrechtsverletzung aufmerksam werden, bitte ich um einen entsprechenden Hinweis. Bei Bekanntwerden von Rechtsverletzungen werde ich derartige Inhalte umgehend entfernen.<\/p>\n<h2>Bildnachweise<\/h2>\n<p>Ingo Misiak, <a href=\"http:\/\/www.photo-pro-business.de\">www.photo-pro-business.de<\/a><br \/>\nPrivat<\/p>\n<h2>Quelle f\u00fcr das Impressum<\/h2>\n<p><em><a href=\"https:\/\/www.e-recht24.de\">https:\/\/www.e-recht24.de<\/a><\/em><\/p>\n","protected":false},"excerpt":{"rendered":"<p>Angaben gem\u00e4\u00df \u00a7 5 Telemediengesetz (TMG) Rechtsanw\u00e4ltin Sylvia V\u00f6lker L\u00fcneburger Heerstr. 67 29223 Celle Kontakt Telefon: 05141 208240 Telefax: 05141 208241 E-Mail: info@ra-voelker.de Berufsbezeichnungen Rechtsanw\u00e4ltin Zust\u00e4ndige Kammer: Rechtsanwaltskammer Celle Die Berufsbezeichnung wurden verliehen in der Bundesrepublik\u00a0Deutschland. Berufsrechtliche Regelungen Bundesrechtsanwaltsordnung (BRAO) Berufsordnung f\u00fcr Rechtsanw\u00e4lte (BORA) Rechtsanwaltsverg\u00fctungsgesetz (RVG) Gesetz \u00fcber die T\u00e4tigkeit europ\u00e4ischer Anw\u00e4lte in Deutschland (EuRAG) &hellip; <\/p>\n<p class=\"link-more\"><a href=\"https:\/\/www.ra-voelker.de\/?page_id=10\" class=\"more-link\"><span class=\"screen-reader-text\">\u201eImpressum\u201c<\/span> weiterlesen<\/a><\/p>\n","protected":false},"author":1,"featured_media":0,"parent":0,"menu_order":0,"comment_status":"closed","ping_status":"closed","template":"","meta":{"footnotes":""},"_links":{"self":[{"href":"https:\/\/www.ra-voelker.de\/index.php?rest_route=\/wp\/v2\/pages\/10"}],"collection":[{"href":"https:\/\/www.ra-voelker.de\/index.php?rest_route=\/wp\/v2\/pages"}],"about":[{"href":"https:\/\/www.ra-voelker.de\/index.php?rest_route=\/wp\/v2\/types\/page"}],"author":[{"embeddable":true,"href":"https:\/\/www.ra-voelker.de\/index.php?rest_route=\/wp\/v2\/users\/1"}],"replies":[{"embeddable":true,"href":"https:\/\/www.ra-voelker.de\/index.php?rest_route=%2Fwp%2Fv2%2Fcomments&post=10"}],"version-history":[{"count":9,"href":"https:\/\/www.ra-voelker.de\/index.php?rest_route=\/wp\/v2\/pages\/10\/revisions"}],"predecessor-version":[{"id":24,"href":"https:\/\/www.ra-voelker.de\/index.php?rest_route=\/wp\/v2\/pages\/10\/revisions\/24"}],"wp:attachment":[{"href":"https:\/\/www.ra-voelker.de\/index.php?rest_route=%2Fwp%2Fv2%2Fmedia&parent=10"}],"curies":[{"name":"wp","href":"https:\/\/api.w.org\/{rel}","templated":true}]}}