{"id":16,"date":"2018-06-07T15:49:15","date_gmt":"2018-06-07T15:49:15","guid":{"rendered":"http:\/\/ra-voelker.de\/?page_id=16"},"modified":"2018-06-12T22:50:03","modified_gmt":"2018-06-12T20:50:03","slug":"kontakt","status":"publish","type":"page","link":"https:\/\/www.ra-voelker.de\/?page_id=16","title":{"rendered":"Kontakt"},"content":{"rendered":"<p align=\"left\"><b>Postanschrift:<\/b><br \/>\nL\u00fcneburger Heerstra\u00dfe 67<br \/>\n29223 Celle<\/p>\n<p><b>Telefon: <\/b><br \/>\n05141 208240<br \/>\n<b>Telefax: <\/b><br \/>\n05141 208241<\/p>\n<p><b>E-Mail: <\/b><br \/>\n<a href=\"mailto:info@ra-voelker.de\">info@ra-voelker.de<\/a><\/p>\n<p align=\"left\"><u>Hinweise:<\/u><br \/>\nBitte \u00fcbermitteln Sie keine vertraulichen Informationen per E-Mail, da Ihre Nachricht nicht verschl\u00fcsselt \u00fcbertragen wird und auf dem Weg durch das Internet eventuell von Dritten eingesehen oder ver\u00e4ndert werden kann.<\/p>\n<p>Wenn Sie per E-Mail mit mir in Kontakt treten, gehe davon aus, dass ich Ihnen auf diesem Wege auch antworten darf. Anderenfalls benennen Sie bitte Ihre bevorzugten Kontaktm\u00f6glichkeiten.<\/p>\n<p>In dringenden F\u00e4llen nutzen Sie bitte die telefonische Kontaktaufnahme.<\/p>\n","protected":false},"excerpt":{"rendered":"<p>Postanschrift: L\u00fcneburger Heerstra\u00dfe 67 29223 Celle Telefon: 05141 208240 Telefax: 05141 208241 E-Mail: info@ra-voelker.de Hinweise: Bitte \u00fcbermitteln Sie keine vertraulichen Informationen per E-Mail, da Ihre Nachricht nicht verschl\u00fcsselt \u00fcbertragen wird und auf dem Weg durch das Internet eventuell von Dritten eingesehen oder ver\u00e4ndert werden kann. Wenn Sie per E-Mail mit mir in Kontakt treten, gehe &hellip; <\/p>\n<p class=\"link-more\"><a href=\"https:\/\/www.ra-voelker.de\/?page_id=16\" class=\"more-link\"><span class=\"screen-reader-text\">\u201eKontakt\u201c<\/span> weiterlesen<\/a><\/p>\n","protected":false},"author":1,"featured_media":48,"parent":0,"menu_order":0,"comment_status":"closed","ping_status":"closed","template":"","meta":{"footnotes":""},"_links":{"self":[{"href":"https:\/\/www.ra-voelker.de\/index.php?rest_route=\/wp\/v2\/pages\/16"}],"collection":[{"href":"https:\/\/www.ra-voelker.de\/index.php?rest_route=\/wp\/v2\/pages"}],"about":[{"href":"https:\/\/www.ra-voelker.de\/index.php?rest_route=\/wp\/v2\/types\/page"}],"author":[{"embeddable":true,"href":"https:\/\/www.ra-voelker.de\/index.php?rest_route=\/wp\/v2\/users\/1"}],"replies":[{"embeddable":true,"href":"https:\/\/www.ra-voelker.de\/index.php?rest_route=%2Fwp%2Fv2%2Fcomments&post=16"}],"version-history":[{"count":2,"href":"https:\/\/www.ra-voelker.de\/index.php?rest_route=\/wp\/v2\/pages\/16\/revisions"}],"predecessor-version":[{"id":44,"href":"https:\/\/www.ra-voelker.de\/index.php?rest_route=\/wp\/v2\/pages\/16\/revisions\/44"}],"wp:featuredmedia":[{"embeddable":true,"href":"https:\/\/www.ra-voelker.de\/index.php?rest_route=\/wp\/v2\/media\/48"}],"wp:attachment":[{"href":"https:\/\/www.ra-voelker.de\/index.php?rest_route=%2Fwp%2Fv2%2Fmedia&parent=16"}],"curies":[{"name":"wp","href":"https:\/\/api.w.org\/{rel}","templated":true}]}}