{"id":2,"date":"2016-05-10T03:48:21","date_gmt":"2016-05-10T03:48:21","guid":{"rendered":"http:\/\/ra-voelker.de\/?page_id=2"},"modified":"2018-06-19T21:55:12","modified_gmt":"2018-06-19T19:55:12","slug":"sample-page","status":"publish","type":"page","link":"https:\/\/www.ra-voelker.de\/","title":{"rendered":"Willkommen"},"content":{"rendered":"<p>Ich lege gro\u00dfen Wert auf eine verst\u00e4ndliche und pers\u00f6nliche Rechtsberatung.<\/p>\n<p>Seit dem Jahr 2000 bin ich als Rechtsanw\u00e4ltin zugelassen. Die Schwerpunkte meiner T\u00e4tigkeit liegen im Renten- und Vertragsrecht.<\/p>\n<p><img decoding=\"async\" src=\"https:\/\/www.ra-voelker.de\/wp-content\/uploads\/2018\/06\/rente-300.jpg\" alt=\"Rente\" align=left hspace=20 vspace=10\/>Bei der <strong>Rentenberatung<\/strong> geht es oft um die Fragen, welcher Rentenbeginn empfehlenswert ist, wie hoch die Rente sp\u00e4ter voraussichtlich sein wird, ob alle Zeiten richtig gespeichert sind oder welche Auswirkungen eine Arbeitslosigkeit oder Stundenreduzierung auf die Rente hat.<\/p>\n<p>In Ihren pers\u00f6nlichen Fragen rund um die Rente berate ich Sie gern, f\u00fclle f\u00fcr Sie die Formulare aus, stelle f\u00fcr Sie den Rentenantrag und vertrete Sie gegen\u00fcber der Rentenversicherung &#8211; auch im Widerspruchsverfahren und vor Gericht im Verfahren wegen einer Klage oder Berufung.<\/p>\n<p><img decoding=\"async\" src=\"https:\/\/www.ra-voelker.de\/wp-content\/uploads\/2018\/06\/vertrag-300.jpg\" alt=\"Vertrag\" align=right hspace=20 vspace=10\/>Im <b>Vertragsrecht<\/b> bin ich Ihnen gern behilflich in Bezug auf Kaufvertr\u00e4ge, Mietvertr\u00e4ge, Handy-\/DSL-Vertr\u00e4ge, Vertragsgestaltung, Entwurf von AGB und sonstigen vertraglichen Fragen.<\/p>\n<p><img decoding=\"async\" src=\"https:\/\/www.ra-voelker.de\/wp-content\/uploads\/2018\/06\/erben-300.jpg\" alt=\"Erben\" align=left hspace=20 vspace=10\/>Im<b> Erbrecht<\/b>\u00a0besch\u00e4ftige ich mich mit der Geltendmachung oder Abwehr von Erbanspr\u00fcchen, Pflichtteils- und Pflichtteilserg\u00e4nzungs-anspr\u00fcchen und der Vertretung vor Gericht.<\/p>\n<p>Weitere Rechtsgebiete, in denen ich gerne Ihre Interessen vertrete sind:<\/p>\n<p><span style=\"font-family: Wingdings;\">w <\/span>private Berufsunf\u00e4higkeitsrente<br \/>\n<span style=\"font-family: Wingdings;\">w <\/span>Vertretung gegen\u00fcber der Krankenkasse oder Pflegekasse<br \/>\n<span style=\"font-family: Wingdings;\">w <\/span>Antrag zur Feststellung der Schwerbehinderteneigenschaft<br \/>\n<span style=\"font-family: Wingdings;\">w <\/span>Verkehrsunfallrecht<\/p>\n<p>Wenn Sie nicht in meine Kanzlei kommen k\u00f6nnen, weil Sie z.B. zu weit entfernt wohnen, ist selbstverst\u00e4ndlich auch eine telefonische und schriftliche Beratung und Vertretung m\u00f6glich.<span class=\"Apple-converted-space\">\u00a0<\/span><\/p>\n<p>Ich bin vertretungsberechtigt bei allen Amts-, Land- und Oberlandesgerichten, Sozialgerichten, Landessozialgerichten, Arbeitsgerichten und Landesarbeitsgerichten.<\/p>\n","protected":false},"excerpt":{"rendered":"<p>Ich lege gro\u00dfen Wert auf eine verst\u00e4ndliche und pers\u00f6nliche Rechtsberatung. Seit dem Jahr 2000 bin ich als Rechtsanw\u00e4ltin zugelassen. Die Schwerpunkte meiner T\u00e4tigkeit liegen im Renten- und Vertragsrecht. Bei der Rentenberatung geht es oft um die Fragen, welcher Rentenbeginn empfehlenswert ist, wie hoch die Rente sp\u00e4ter voraussichtlich sein wird, ob alle Zeiten richtig gespeichert sind &hellip; <\/p>\n<p class=\"link-more\"><a href=\"https:\/\/www.ra-voelker.de\/\" class=\"more-link\"><span class=\"screen-reader-text\">\u201eWillkommen\u201c<\/span> weiterlesen<\/a><\/p>\n","protected":false},"author":1,"featured_media":0,"parent":0,"menu_order":0,"comment_status":"closed","ping_status":"open","template":"","meta":{"footnotes":""},"_links":{"self":[{"href":"https:\/\/www.ra-voelker.de\/index.php?rest_route=\/wp\/v2\/pages\/2"}],"collection":[{"href":"https:\/\/www.ra-voelker.de\/index.php?rest_route=\/wp\/v2\/pages"}],"about":[{"href":"https:\/\/www.ra-voelker.de\/index.php?rest_route=\/wp\/v2\/types\/page"}],"author":[{"embeddable":true,"href":"https:\/\/www.ra-voelker.de\/index.php?rest_route=\/wp\/v2\/users\/1"}],"replies":[{"embeddable":true,"href":"https:\/\/www.ra-voelker.de\/index.php?rest_route=%2Fwp%2Fv2%2Fcomments&post=2"}],"version-history":[{"count":16,"href":"https:\/\/www.ra-voelker.de\/index.php?rest_route=\/wp\/v2\/pages\/2\/revisions"}],"predecessor-version":[{"id":75,"href":"https:\/\/www.ra-voelker.de\/index.php?rest_route=\/wp\/v2\/pages\/2\/revisions\/75"}],"wp:attachment":[{"href":"https:\/\/www.ra-voelker.de\/index.php?rest_route=%2Fwp%2Fv2%2Fmedia&parent=2"}],"curies":[{"name":"wp","href":"https:\/\/api.w.org\/{rel}","templated":true}]}}